{"id":2233,"date":"2018-05-10T16:42:39","date_gmt":"2018-05-10T16:42:39","guid":{"rendered":"http:\/\/metre.emfasi.es\/aviso-legal\/"},"modified":"2018-05-10T16:43:45","modified_gmt":"2018-05-10T16:43:45","slug":"avis-legal","status":"publish","type":"page","link":"https:\/\/metre.emfasi.es\/ca\/avis-legal\/","title":{"rendered":"Avis Legal"},"content":{"rendered":"<p>Aquest portal &#8220;www.metrecubic.com&#8221;, que inclou la botiga on line, \u00e9s titularitat de SELF STORAGE Metrecubic 2006 SL qui posa a disposici\u00f3 dels usuaris, persones f\u00edsiques i jur\u00eddiques, d&#8217;Internet per tal de, entre altres, proporcionar i permetre informaci\u00f3, consultes i atenci\u00f3 sobre els productes, serveis, i ofertes de SELF STORAGE Metrecubic.<\/p>\n<p>Les nostres dades s\u00f3n els seg\u00fcents:<br \/>\nSELF STORAGE Metrecubic 2006 SL<br \/>\nCarrer Ind\u00fastria 10. Girona (17005)<br \/>\nN.I.F. n\u00baB17887027<\/p>\n<p>Tel\u00e8fon: 937 269 264 i 972 405.969, de dilluns a divendres, ambd\u00f3s inclosos, de 9:00 a 19.00, excepte festius nacionals i locals.<\/p>\n","protected":false},"excerpt":{"rendered":"<p>Aquest portal &#8220;www.metrecubic.com&#8221;, que inclou la botiga on line, \u00e9s titularitat de SELF STORAGE Metrecubic 2006 SL qui posa a disposici\u00f3 dels usuaris, persones f\u00edsiques i jur\u00eddiques, d&#8217;Internet per tal de, entre altres, proporcionar i permetre informaci\u00f3, consultes i atenci\u00f3 sobre els productes, serveis, i ofertes de SELF STORAGE Metrecubic. Les nostres dades s\u00f3n els [&hellip;]<\/p>\n","protected":false},"author":2,"featured_media":0,"parent":0,"menu_order":0,"comment_status":"closed","ping_status":"closed","template":"","meta":{"_et_pb_use_builder":"","_et_pb_old_content":"","_et_gb_content_width":"","footnotes":""},"yoast_head":"<!-- This site is optimized with the Yoast SEO plugin v22.1 - https:\/\/yoast.com\/wordpress\/plugins\/seo\/ -->\n<title>Avis Legal - Metrecubic<\/title>\n<meta name=\"robots\" content=\"noindex, follow, max-snippet:-1, max-image-preview:large, max-video-preview:-1\" \/>\n<meta property=\"og:locale\" content=\"ca_ES\" \/>\n<meta property=\"og:type\" content=\"article\" \/>\n<meta property=\"og:title\" content=\"Avis Legal - Metrecubic\" \/>\n<meta property=\"og:description\" content=\"Aquest portal &#8220;www.metrecubic.com&#8221;, que inclou la botiga on line, \u00e9s titularitat de SELF STORAGE Metrecubic 2006 SL qui posa a disposici\u00f3 dels usuaris, persones f\u00edsiques i jur\u00eddiques, d&#8217;Internet per tal de, entre altres, proporcionar i permetre informaci\u00f3, consultes i atenci\u00f3 sobre els productes, serveis, i ofertes de SELF STORAGE Metrecubic. Les nostres dades s\u00f3n els [&hellip;]\" \/>\n<meta property=\"og:url\" content=\"https:\/\/metre.emfasi.es\/ca\/avis-legal\/\" \/>\n<meta property=\"og:site_name\" content=\"Metrecubic\" \/>\n<meta property=\"article:modified_time\" content=\"2018-05-10T16:43:45+00:00\" \/>\n<meta name=\"twitter:card\" content=\"summary_large_image\" \/>\n<script type=\"application\/ld+json\" class=\"yoast-schema-graph\">{\"@context\":\"https:\/\/schema.org\",\"@graph\":[{\"@type\":\"WebPage\",\"@id\":\"https:\/\/metre.emfasi.es\/ca\/avis-legal\/\",\"url\":\"https:\/\/metre.emfasi.es\/ca\/avis-legal\/\",\"name\":\"Avis Legal - Metrecubic\",\"isPartOf\":{\"@id\":\"https:\/\/metre.emfasi.es\/#website\"},\"datePublished\":\"2018-05-10T16:42:39+00:00\",\"dateModified\":\"2018-05-10T16:43:45+00:00\",\"breadcrumb\":{\"@id\":\"https:\/\/metre.emfasi.es\/ca\/avis-legal\/#breadcrumb\"},\"inLanguage\":\"ca\",\"potentialAction\":[{\"@type\":\"ReadAction\",\"target\":[\"https:\/\/metre.emfasi.es\/ca\/avis-legal\/\"]}]},{\"@type\":\"BreadcrumbList\",\"@id\":\"https:\/\/metre.emfasi.es\/ca\/avis-legal\/#breadcrumb\",\"itemListElement\":[{\"@type\":\"ListItem\",\"position\":1,\"name\":\"Portada\",\"item\":\"https:\/\/metre.emfasi.es\/ca\/\"},{\"@type\":\"ListItem\",\"position\":2,\"name\":\"Avis Legal\"}]},{\"@type\":\"WebSite\",\"@id\":\"https:\/\/metre.emfasi.es\/#website\",\"url\":\"https:\/\/metre.emfasi.es\/\",\"name\":\"Metrecubic\",\"description\":\"Alquiler de trasteros y minialmacenes privados.\",\"publisher\":{\"@id\":\"https:\/\/metre.emfasi.es\/#organization\"},\"potentialAction\":[{\"@type\":\"SearchAction\",\"target\":{\"@type\":\"EntryPoint\",\"urlTemplate\":\"https:\/\/metre.emfasi.es\/?s={search_term_string}\"},\"query-input\":\"required name=search_term_string\"}],\"inLanguage\":\"ca\"},{\"@type\":\"Organization\",\"@id\":\"https:\/\/metre.emfasi.es\/#organization\",\"name\":\"METRECUBIC trasteros y mudanzas\",\"url\":\"https:\/\/metre.emfasi.es\/\",\"logo\":{\"@type\":\"ImageObject\",\"inLanguage\":\"ca\",\"@id\":\"https:\/\/metre.emfasi.es\/#\/schema\/logo\/image\/\",\"url\":\"http:\/\/metre.emfasi.es\/wp-content\/uploads\/2017\/09\/logo-capsalera.gif\",\"contentUrl\":\"http:\/\/metre.emfasi.es\/wp-content\/uploads\/2017\/09\/logo-capsalera.gif\",\"width\":118,\"height\":117,\"caption\":\"METRECUBIC trasteros y mudanzas\"},\"image\":{\"@id\":\"https:\/\/metre.emfasi.es\/#\/schema\/logo\/image\/\"}}]}<\/script>\n<!-- \/ Yoast SEO plugin. -->","yoast_head_json":{"title":"Avis Legal - Metrecubic","robots":{"index":"noindex","follow":"follow","max-snippet":"max-snippet:-1","max-image-preview":"max-image-preview:large","max-video-preview":"max-video-preview:-1"},"og_locale":"ca_ES","og_type":"article","og_title":"Avis Legal - Metrecubic","og_description":"Aquest portal &#8220;www.metrecubic.com&#8221;, que inclou la botiga on line, \u00e9s titularitat de SELF STORAGE Metrecubic 2006 SL qui posa a disposici\u00f3 dels usuaris, persones f\u00edsiques i jur\u00eddiques, d&#8217;Internet per tal de, entre altres, proporcionar i permetre informaci\u00f3, consultes i atenci\u00f3 sobre els productes, serveis, i ofertes de SELF STORAGE Metrecubic. Les nostres dades s\u00f3n els [&hellip;]","og_url":"https:\/\/metre.emfasi.es\/ca\/avis-legal\/","og_site_name":"Metrecubic","article_modified_time":"2018-05-10T16:43:45+00:00","twitter_card":"summary_large_image","schema":{"@context":"https:\/\/schema.org","@graph":[{"@type":"WebPage","@id":"https:\/\/metre.emfasi.es\/ca\/avis-legal\/","url":"https:\/\/metre.emfasi.es\/ca\/avis-legal\/","name":"Avis Legal - Metrecubic","isPartOf":{"@id":"https:\/\/metre.emfasi.es\/#website"},"datePublished":"2018-05-10T16:42:39+00:00","dateModified":"2018-05-10T16:43:45+00:00","breadcrumb":{"@id":"https:\/\/metre.emfasi.es\/ca\/avis-legal\/#breadcrumb"},"inLanguage":"ca","potentialAction":[{"@type":"ReadAction","target":["https:\/\/metre.emfasi.es\/ca\/avis-legal\/"]}]},{"@type":"BreadcrumbList","@id":"https:\/\/metre.emfasi.es\/ca\/avis-legal\/#breadcrumb","itemListElement":[{"@type":"ListItem","position":1,"name":"Portada","item":"https:\/\/metre.emfasi.es\/ca\/"},{"@type":"ListItem","position":2,"name":"Avis Legal"}]},{"@type":"WebSite","@id":"https:\/\/metre.emfasi.es\/#website","url":"https:\/\/metre.emfasi.es\/","name":"Metrecubic","description":"Alquiler de trasteros y minialmacenes privados.","publisher":{"@id":"https:\/\/metre.emfasi.es\/#organization"},"potentialAction":[{"@type":"SearchAction","target":{"@type":"EntryPoint","urlTemplate":"https:\/\/metre.emfasi.es\/?s={search_term_string}"},"query-input":"required name=search_term_string"}],"inLanguage":"ca"},{"@type":"Organization","@id":"https:\/\/metre.emfasi.es\/#organization","name":"METRECUBIC trasteros y mudanzas","url":"https:\/\/metre.emfasi.es\/","logo":{"@type":"ImageObject","inLanguage":"ca","@id":"https:\/\/metre.emfasi.es\/#\/schema\/logo\/image\/","url":"http:\/\/metre.emfasi.es\/wp-content\/uploads\/2017\/09\/logo-capsalera.gif","contentUrl":"http:\/\/metre.emfasi.es\/wp-content\/uploads\/2017\/09\/logo-capsalera.gif","width":118,"height":117,"caption":"METRECUBIC trasteros y mudanzas"},"image":{"@id":"https:\/\/metre.emfasi.es\/#\/schema\/logo\/image\/"}}]}},"_links":{"self":[{"href":"https:\/\/metre.emfasi.es\/ca\/wp-json\/wp\/v2\/pages\/2233"}],"collection":[{"href":"https:\/\/metre.emfasi.es\/ca\/wp-json\/wp\/v2\/pages"}],"about":[{"href":"https:\/\/metre.emfasi.es\/ca\/wp-json\/wp\/v2\/types\/page"}],"author":[{"embeddable":true,"href":"https:\/\/metre.emfasi.es\/ca\/wp-json\/wp\/v2\/users\/2"}],"replies":[{"embeddable":true,"href":"https:\/\/metre.emfasi.es\/ca\/wp-json\/wp\/v2\/comments?post=2233"}],"version-history":[{"count":0,"href":"https:\/\/metre.emfasi.es\/ca\/wp-json\/wp\/v2\/pages\/2233\/revisions"}],"wp:attachment":[{"href":"https:\/\/metre.emfasi.es\/ca\/wp-json\/wp\/v2\/media?parent=2233"}],"curies":[{"name":"wp","href":"https:\/\/api.w.org\/{rel}","templated":true}]}}